{"id":24,"date":"2023-02-19T03:20:30","date_gmt":"2023-02-19T03:20:30","guid":{"rendered":"https:\/\/drdata.com.ec\/?page_id=24"},"modified":"2025-05-07T18:48:52","modified_gmt":"2025-05-07T23:48:52","slug":"contactanos","status":"publish","type":"page","link":"https:\/\/drdata.com.ec\/?page_id=24","title":{"rendered":"Cont\u00e1ctanos"},"content":{"rendered":"<div\n      class=\"kv-control-placeholder kv-_page\"\n      data-kv-control=\"1\">\n    <\/div> <section class=\"background-id_1 section-12 waruze92\" style=\" position:relative;\">\n  <a name=\"section12\"><\/a>\n    <div\n    class=\"kv-control-placeholder kv-_section\"\n    data-kv-control=\"background\">\n  <\/div> <div class='kv-background  ' style=\" background-color: rgb(178,216,201);\">\n        \n        <div class='kv-background-inner '  style=\"\n          \n          \n          \n          background-color: rgb(178,216,201);\n          \"><\/div>\n          \n<\/div>\n\n  <div class=\"position-relative kv-content\">\n    <div\n    class=\"kv-control-placeholder kv-_section\"\n    data-kv-control=\"content\">\n  <\/div> <div class=\"kv-ee-section kv-ee-section--lg\"><div class=\"kv-ee-container\"><div class=\"kv-ee-row kv-notify-inview kv-ee-from-right\"><div class=\"kv-ee-col-12 kv-ee-align-left\"><div class=\"kv-ee-section-text kv-ee-text-content\"> <h2 class=\"kv-ee-section-title kv-ee-section-title--md\" data-type=\"text\" tabindex=\"0\">Contactos<span data-prop=\"title\" class=\"ck-editable-element\" data-editable=\"basic\" style=\"display:none;\"><\/span><\/h2>  <p class=\"kv-ee-section-description kv-ee-body--md\" data-type=\"text\" tabindex=\"0\">Escribe tu comentario.<span data-prop=\"description\" class=\"ck-editable-element\" data-editable=\"basic\" style=\"display:none;\"><\/span><\/p> <\/div><\/div><\/div><div class=\"kv-ee-row kv-notify-inview kv-ee-from-left\"><div class=\"kv-ee-col-12\"><form id=\"contact-form\"data-type=\"contact\"> <div\n      class='kv-ee-hidden-form-data'\n      data-sectionid='12'\n      data-pageid='contact'\n     ><\/div> <div class=\"kv-ee-form-container \"><div class=\"kv-ee-form-col\"> <div class=\"kv-ee-form-group kv-ee-fieldFirstName-container \">\n          <label>Nombre<\/label>\n          <input\n            class=\"kv-ee-form-control\"\n            id=\"fieldFirstName\"\n            type=\"text\"\n            placeholder=\"\"\n            required=\"\"\n            data-nameLabel=\"Nombre\"\n            aria-invalid=\"false\"\n            aria-label=\"Nombre\"\n          \/>\n          <div class=\"kv-ee-error-container\"><\/div>\n        <\/div><div class=\"kv-ee-form-group kv-ee-fieldLastName-container \">\n          <label>Apellido<\/label>\n          <input\n            class=\"kv-ee-form-control\"\n            id=\"fieldLastName\"\n            type=\"text\"\n            placeholder=\"\"\n            required=\"\"\n            data-nameLabel=\"Apellido\"\n            aria-invalid=\"false\"\n            aria-label=\"Apellido\"\n          \/>\n          <div class=\"kv-ee-error-container\"><\/div>\n        <\/div><div class=\"kv-ee-form-group kv-ee-fieldEmail-container \">\n          <label>Correo electr\u00f3nico<\/label>\n          <input\n            class=\"kv-ee-form-control\"\n            id=\"fieldEmail\"\n            type=\"text\"\n            placeholder=\"\"\n            required=\"\"\n            data-nameLabel=\"Correo electr\u00f3nico\"\n            aria-invalid=\"false\"\n            aria-label=\"Correo electr\u00f3nico\"\n          \/>\n          <div class=\"kv-ee-error-container\"><\/div>\n        <\/div><div class=\"kv-ee-form-group kv-ee-fieldSubject-container \">\n          <label>Tema<\/label>\n          <input\n            class=\"kv-ee-form-control\"\n            id=\"fieldSubject\"\n            type=\"text\"\n            placeholder=\"\"\n            required=\"\"\n            data-nameLabel=\"Tema\"\n            aria-invalid=\"false\"\n            aria-label=\"Tema\"\n          \/>\n          <div class=\"kv-ee-error-container\"><\/div>\n        <\/div><div class=\"kv-ee-form-group kv-ee-fieldPhone-container \">\n          <label>Tel\u00e9fono<\/label>\n          <input\n            class=\"kv-ee-form-control\"\n            id=\"fieldPhone\"\n            type=\"text\"\n            placeholder=\"\"\n            required=\"\"\n            data-nameLabel=\"Tel\u00e9fono\"\n            aria-invalid=\"false\"\n            aria-label=\"Tel\u00e9fono\"\n          \/>\n          <div class=\"kv-ee-error-container\"><\/div>\n        <\/div> <\/div><div class=\"kv-ee-form-col\"> <div class=\"kv-ee-fieldMessage-container\">\n        <label>Mensaje<\/label>\n        <textarea\n          class=\"kv-ee-form-control\"\n          id=\"fieldMessage\"\n          placeholder=\"\"\n          data-nameLabel=\"Mensaje\"\n          required=\"\"\n          aria-label=\"Mensaje\"><\/textarea>\n        <div class=\"kv-ee-error-container\"><\/div>\n      <\/div> <\/div><\/div> <div class=\"kv-ee-fieldSubscribe-container\">\n      <label>\n        <input\n          type=\"checkbox\"\n          id=\"fieldSubscribe\"\n          value=false\n          style=\"\"\n          data-nameLabel=\"Al marcar esta casilla y enviar su informaci\u00f3n, nos otorga permiso para enviarle un correo electr\u00f3nico. Puede darse de baja en cualquier momento.\"\n          aria-label=\"Al marcar esta casilla y enviar su informaci\u00f3n, nos otorga permiso para enviarle un correo electr\u00f3nico. Puede darse de baja en cualquier momento.\"\n        \/>\n        Al marcar esta casilla y enviar su informaci\u00f3n, nos otorga permiso para enviarle un correo electr\u00f3nico. Puede darse de baja en cualquier momento.\n      <\/label>\n    <\/div> <div class=\"kv-ee-captcha-field-wrapper\"><\/div><div class=\"kv-ee-submit kv-ee-align-left kv-ee-mt-3\"> <button  class=\"\n    kv-ee-button kv-ee-submit-button kv-ee-button-md undefined\n    kv-ee-button-dynamic-buttons kv-button-instant-edit\n    undefined kv-ee-button-primary\n  \" data-index=\"0\" data-type=\"button\" tabindex=\"0\"  data-property=\"formData.submitButton\" >\n    \n    <div style=\"\">Send Message<div\n      data-editable=\"button\"\n      data-prop=\"formData.submitButton.title\"\n      style=\"display:none;\"><\/div>\n    <\/div>\n  <\/button> <\/div><\/form><div class=\"kv-ee-contact-form-success\"> <div class='kv-ee-success-close'>\n        <i class=\"fa fa-close\"><\/i>\n      <\/div> <div class='kv-ee-success-message-wrapper'>\n        <div class='kv-ee-section-icon kv-ee-on_card kv-ee-icon' data-type='icon'>\n          <i class='fa fa-check-circle' aria-hidden='true'><\/i>\n        <\/div>\n        <h3>Mensaje enviado!<\/h3>\n        Su mensaje ha sido enviado con \u00e9xito, espero responder en 24 horas. Tambi\u00e9n puede contactarnos a trav\u00e9s de las redes sociales, \u00a1los enlaces se pueden encontrar a continuaci\u00f3n!\n      <\/div> <\/div><\/div><\/div><\/div><\/div>\n  <\/div>\n<\/section>\n<style scoped>.waruze92 .kv-ee-captcha-field-wrapper>div{margin-left:auto;margin-right:auto;margin-top:1rem}.waruze92 .kv-ee-preview-form-container{padding:12px 0}.waruze92 .kv-ee-fieldMessage-container{padding:0 1rem;height:100%;display:flex;flex-direction:column}.waruze92 .kv-ee-fieldMessage-container textarea{height:100%}.waruze92 .kv-ee-section-text{margin-bottom:1rem}.waruze92 .kv-ee-text-content{max-width:50rem}.waruze92 .kv-ee-form-group{margin-bottom:0;width:100%;padding:0 15px}.waruze92 .kv-ee-form-control{padding:.5rem;margin-bottom:.75rem;border-radius:0;height:auto}.waruze92 label{margin-bottom:.25rem;display:block}.waruze92 .kv-ee-form-control::placeholder{font-weight:700}.waruze92 .kv-ee-form-container{margin:0 -15px}.waruze92 input,.waruze92 textarea{width:100%;border-width:1px;border-style:solid;color:var(--kv-ee-text1-card-rgb);border-color:rgba(var(--kv-ee-text1-card-rgb),.6);background-color:rgba(var(--kv-ee-card-rgb),.6)}.waruze92 textarea{min-height:6rem;overflow:auto}@media(max-width:767px){.waruze92 .kv-ee-form-control{margin-bottom:1rem}}@media(min-width:768px){.waruze92 .kv-ee-form-container{display:flex}.waruze92 .kv-ee-form-col{display:flex;flex-direction:column;align-items:stretch;flex:1 1 50%}}.waruze92 .kv-notify-inview{opacity:0;transition-property:opacity,transform;transition-duration:800ms;transition-delay:100ms;transition-timing-function:ease-in-out}.waruze92 .kv-inview{transform:none !important;opacity:1 !important}.waruze92 .kv-notify-inview.kv-ee-from-right{transform:translateX(20%)}.waruze92 .kv-notify-inview.kv-ee-from-left{transform:translateX(-20%)}.waruze92 .kv-ee-submit-button{border:none}.waruze92 .kv-ee-align-left{text-align:left}.waruze92 .kv-ee-align-left .kv-ee-text-content{margin-right:auto}.waruze92 .kv-ee-align-center{text-align:center}.waruze92 .kv-ee-align-center .kv-ee-text-content{margin-left:auto;margin-right:auto}.waruze92 .kv-ee-align-right{text-align:right}.waruze92 .kv-ee-align-right .kv-ee-text-content{margin-left:auto}.waruze92 .kv-ee-rounded-corners .kv-ee-form-control{border-radius:.25rem !important;border-style:solid !important}.waruze92 .kv-ee-error-captcha-container{text-align:center;background-color:#ffe1d7;color:#f00;box-shadow:inset 0 0 0 1px #ffcdc3;margin-top:8px;border-radius:3px;width:304px}.waruze92 .kv-ee-contact-form-success{background-color:var(--kv-ee-card);color:var(--kv-ee-text1-card);text-shadow:none;box-shadow:0 .25rem 1rem rgba(var(--kv-ee-black-rgb),.12);text-align:center;width:100%;max-width:40rem;border:2px solid #26a69a}.waruze92 .kv-ee-contact-form-success .kv-ee-success-close{top:2px}.waruze92 .kv-ee-success-message-wrapper{padding-bottom:1rem;padding-left:1rem;padding-right:1rem}.waruze92 .kv-ee-success-message-wrapper .kv-ee-section-icon{display:none}.waruze92 .kv-ee-success-message-wrapper h3{font-size:1.25rem;padding:.75rem 2rem;display:block;background-color:#26a69a;color:var(--kv-ee-white);margin-left:-1rem;margin-right:-1rem;margin-bottom:8px}.waruze92 .kv-ee-success-message-wrapper p{padding:1rem 2rem 0}<\/style>","protected":false},"excerpt":{"rendered":"","protected":false},"author":1,"featured_media":0,"parent":0,"menu_order":0,"comment_status":"closed","ping_status":"closed","template":"wb4wp-template.php","meta":{"nf_dc_page":"","om_disable_all_campaigns":false,"WB4WB4WP_MODE":"","WB4WP_PAGE_SCRIPTS":"","WB4WP_PAGE_STYLES":"","WB4WP_PAGE_FONTS":"","WB4WP_PAGE_HEADER":"","WB4WP_PAGE_FOOTER":"","_monsterinsights_skip_tracking":false,"_monsterinsights_sitenote_active":false,"_monsterinsights_sitenote_note":"","_monsterinsights_sitenote_category":0,"footnotes":""},"class_list":["post-24","page","type-page","status-publish","hentry"],"yoast_head":"<!-- This site is optimized with the Yoast SEO plugin v27.5 - https:\/\/yoast.com\/product\/yoast-seo-wordpress\/ -->\n<title>Cont\u00e1ctanos - Dr. Data Ec<\/title>\n<meta name=\"robots\" content=\"index, follow, max-snippet:-1, max-image-preview:large, max-video-preview:-1\" \/>\n<link rel=\"canonical\" href=\"https:\/\/drdata.com.ec\/?page_id=24\" \/>\n<meta property=\"og:locale\" content=\"en_US\" \/>\n<meta property=\"og:type\" content=\"article\" \/>\n<meta property=\"og:title\" content=\"Cont\u00e1ctanos - Dr. Data Ec\" \/>\n<meta property=\"og:url\" content=\"https:\/\/drdata.com.ec\/?page_id=24\" \/>\n<meta property=\"og:site_name\" content=\"Dr. Data Ec\" \/>\n<meta property=\"article:modified_time\" content=\"2025-05-07T23:48:52+00:00\" \/>\n<meta name=\"twitter:card\" content=\"summary_large_image\" \/>\n<script type=\"application\/ld+json\" class=\"yoast-schema-graph\">{\"@context\":\"https:\\\/\\\/schema.org\",\"@graph\":[{\"@type\":\"WebPage\",\"@id\":\"https:\\\/\\\/drdata.com.ec\\\/?page_id=24\",\"url\":\"https:\\\/\\\/drdata.com.ec\\\/?page_id=24\",\"name\":\"Cont\u00e1ctanos - Dr. Data Ec\",\"isPartOf\":{\"@id\":\"https:\\\/\\\/darkcyan-quetzal-261782.hostingersite.com\\\/#website\"},\"datePublished\":\"2023-02-19T03:20:30+00:00\",\"dateModified\":\"2025-05-07T23:48:52+00:00\",\"breadcrumb\":{\"@id\":\"https:\\\/\\\/drdata.com.ec\\\/?page_id=24#breadcrumb\"},\"inLanguage\":\"en-US\",\"potentialAction\":[{\"@type\":\"ReadAction\",\"target\":[\"https:\\\/\\\/drdata.com.ec\\\/?page_id=24\"]}]},{\"@type\":\"BreadcrumbList\",\"@id\":\"https:\\\/\\\/drdata.com.ec\\\/?page_id=24#breadcrumb\",\"itemListElement\":[{\"@type\":\"ListItem\",\"position\":1,\"name\":\"Inicio\",\"item\":\"https:\\\/\\\/darkcyan-quetzal-261782.hostingersite.com\\\/\"},{\"@type\":\"ListItem\",\"position\":2,\"name\":\"Cont\u00e1ctanos\"}]},{\"@type\":\"WebSite\",\"@id\":\"https:\\\/\\\/darkcyan-quetzal-261782.hostingersite.com\\\/#website\",\"url\":\"https:\\\/\\\/darkcyan-quetzal-261782.hostingersite.com\\\/\",\"name\":\"Dr. Data Ec\",\"description\":\"Decisiones empresariales \u00f3ptimas\",\"publisher\":{\"@id\":\"https:\\\/\\\/darkcyan-quetzal-261782.hostingersite.com\\\/#organization\"},\"potentialAction\":[{\"@type\":\"SearchAction\",\"target\":{\"@type\":\"EntryPoint\",\"urlTemplate\":\"https:\\\/\\\/darkcyan-quetzal-261782.hostingersite.com\\\/?s={search_term_string}\"},\"query-input\":{\"@type\":\"PropertyValueSpecification\",\"valueRequired\":true,\"valueName\":\"search_term_string\"}}],\"inLanguage\":\"en-US\"},{\"@type\":\"Organization\",\"@id\":\"https:\\\/\\\/darkcyan-quetzal-261782.hostingersite.com\\\/#organization\",\"name\":\"Dr. Data Ec\",\"url\":\"https:\\\/\\\/darkcyan-quetzal-261782.hostingersite.com\\\/\",\"logo\":{\"@type\":\"ImageObject\",\"inLanguage\":\"en-US\",\"@id\":\"https:\\\/\\\/darkcyan-quetzal-261782.hostingersite.com\\\/#\\\/schema\\\/logo\\\/image\\\/\",\"url\":\"https:\\\/\\\/i0.wp.com\\\/drdata.com.ec\\\/wp-content\\\/uploads\\\/2025\\\/05\\\/cropped-cropped-logo03.jpg?fit=638%2C147&ssl=1\",\"contentUrl\":\"https:\\\/\\\/i0.wp.com\\\/drdata.com.ec\\\/wp-content\\\/uploads\\\/2025\\\/05\\\/cropped-cropped-logo03.jpg?fit=638%2C147&ssl=1\",\"width\":638,\"height\":147,\"caption\":\"Dr. Data Ec\"},\"image\":{\"@id\":\"https:\\\/\\\/darkcyan-quetzal-261782.hostingersite.com\\\/#\\\/schema\\\/logo\\\/image\\\/\"}}]}<\/script>\n<!-- \/ Yoast SEO plugin. -->","yoast_head_json":{"title":"Cont\u00e1ctanos - Dr. Data Ec","robots":{"index":"index","follow":"follow","max-snippet":"max-snippet:-1","max-image-preview":"max-image-preview:large","max-video-preview":"max-video-preview:-1"},"canonical":"https:\/\/drdata.com.ec\/?page_id=24","og_locale":"en_US","og_type":"article","og_title":"Cont\u00e1ctanos - Dr. Data Ec","og_url":"https:\/\/drdata.com.ec\/?page_id=24","og_site_name":"Dr. Data Ec","article_modified_time":"2025-05-07T23:48:52+00:00","twitter_card":"summary_large_image","schema":{"@context":"https:\/\/schema.org","@graph":[{"@type":"WebPage","@id":"https:\/\/drdata.com.ec\/?page_id=24","url":"https:\/\/drdata.com.ec\/?page_id=24","name":"Cont\u00e1ctanos - Dr. Data Ec","isPartOf":{"@id":"https:\/\/darkcyan-quetzal-261782.hostingersite.com\/#website"},"datePublished":"2023-02-19T03:20:30+00:00","dateModified":"2025-05-07T23:48:52+00:00","breadcrumb":{"@id":"https:\/\/drdata.com.ec\/?page_id=24#breadcrumb"},"inLanguage":"en-US","potentialAction":[{"@type":"ReadAction","target":["https:\/\/drdata.com.ec\/?page_id=24"]}]},{"@type":"BreadcrumbList","@id":"https:\/\/drdata.com.ec\/?page_id=24#breadcrumb","itemListElement":[{"@type":"ListItem","position":1,"name":"Inicio","item":"https:\/\/darkcyan-quetzal-261782.hostingersite.com\/"},{"@type":"ListItem","position":2,"name":"Cont\u00e1ctanos"}]},{"@type":"WebSite","@id":"https:\/\/darkcyan-quetzal-261782.hostingersite.com\/#website","url":"https:\/\/darkcyan-quetzal-261782.hostingersite.com\/","name":"Dr. Data Ec","description":"Decisiones empresariales \u00f3ptimas","publisher":{"@id":"https:\/\/darkcyan-quetzal-261782.hostingersite.com\/#organization"},"potentialAction":[{"@type":"SearchAction","target":{"@type":"EntryPoint","urlTemplate":"https:\/\/darkcyan-quetzal-261782.hostingersite.com\/?s={search_term_string}"},"query-input":{"@type":"PropertyValueSpecification","valueRequired":true,"valueName":"search_term_string"}}],"inLanguage":"en-US"},{"@type":"Organization","@id":"https:\/\/darkcyan-quetzal-261782.hostingersite.com\/#organization","name":"Dr. Data Ec","url":"https:\/\/darkcyan-quetzal-261782.hostingersite.com\/","logo":{"@type":"ImageObject","inLanguage":"en-US","@id":"https:\/\/darkcyan-quetzal-261782.hostingersite.com\/#\/schema\/logo\/image\/","url":"https:\/\/i0.wp.com\/drdata.com.ec\/wp-content\/uploads\/2025\/05\/cropped-cropped-logo03.jpg?fit=638%2C147&ssl=1","contentUrl":"https:\/\/i0.wp.com\/drdata.com.ec\/wp-content\/uploads\/2025\/05\/cropped-cropped-logo03.jpg?fit=638%2C147&ssl=1","width":638,"height":147,"caption":"Dr. Data Ec"},"image":{"@id":"https:\/\/darkcyan-quetzal-261782.hostingersite.com\/#\/schema\/logo\/image\/"}}]}},"jetpack_sharing_enabled":true,"_links":{"self":[{"href":"https:\/\/drdata.com.ec\/index.php?rest_route=\/wp\/v2\/pages\/24","targetHints":{"allow":["GET"]}}],"collection":[{"href":"https:\/\/drdata.com.ec\/index.php?rest_route=\/wp\/v2\/pages"}],"about":[{"href":"https:\/\/drdata.com.ec\/index.php?rest_route=\/wp\/v2\/types\/page"}],"author":[{"embeddable":true,"href":"https:\/\/drdata.com.ec\/index.php?rest_route=\/wp\/v2\/users\/1"}],"replies":[{"embeddable":true,"href":"https:\/\/drdata.com.ec\/index.php?rest_route=%2Fwp%2Fv2%2Fcomments&post=24"}],"version-history":[{"count":0,"href":"https:\/\/drdata.com.ec\/index.php?rest_route=\/wp\/v2\/pages\/24\/revisions"}],"wp:attachment":[{"href":"https:\/\/drdata.com.ec\/index.php?rest_route=%2Fwp%2Fv2%2Fmedia&parent=24"}],"curies":[{"name":"wp","href":"https:\/\/api.w.org\/{rel}","templated":true}]}}