{"id":21,"date":"2023-02-19T03:20:30","date_gmt":"2023-02-19T03:20:30","guid":{"rendered":"https:\/\/drdata.com.ec\/?page_id=21"},"modified":"2025-05-07T18:48:51","modified_gmt":"2025-05-07T23:48:51","slug":"inicio","status":"publish","type":"page","link":"https:\/\/drdata.com.ec\/","title":{"rendered":"Inicio"},"content":{"rendered":"<div\n      class=\"kv-control-placeholder kv-_page\"\n      data-kv-control=\"1\">\n    <\/div> <section class=\"background-id_808080m16 section-2 meruhy39 undefined kv-full-page\" style=\" position:relative;\">\n  <a name=\"section2\"><\/a>\n    <div\n    class=\"kv-control-placeholder kv-_section\"\n    data-kv-control=\"background\">\n  <\/div> <div class='kv-background  ' style=\" background-color: rgb(80,80,80);\">\n        \n        <div class='kv-background-inner ' data-image=\"background-image: url(&#x27;https:\/\/images.builderservices.io\/s\/cdn\/v1.0\/i\/m?url&#x3D;https%3A%2F%2Fimages.unsplash.com%2Fphoto-1451187580459-43490279c0fa%3Fcrop%3Dentropy%26cs%3Dtinysrgb%26fit%3Dmax%26fm%3Djpg%26ixid%3DMXw1NTEzfDB8MXxzZWFyY2h8Mnx8TXVzaWN8ZW58MHx8fA%26ixlib%3Drb-1.2.1%26q%3D80%26w%3D2000&#x27;);\" style=\"\n          background-image: url(&#x27;https:\/\/images.builderservices.io\/s\/cdn\/v1.0\/i\/m?url&#x3D;https%3A%2F%2Fimages.unsplash.com%2Fphoto-1451187580459-43490279c0fa%3Fcrop%3Dentropy%26cs%3Dtinysrgb%26fit%3Dmax%26fm%3Djpg%26ixid%3DMXw1NTEzfDB8MXxzZWFyY2h8Mnx8TXVzaWN8ZW58MHx8fA%26ixlib%3Drb-1.2.1%26q%3D80%26w%3D2000&#x27;);\n          \n          \n          background-color: rgb(80,80,80);\n          opacity: 0.5;\"><\/div>\n          \n<\/div>\n\n  <div class=\"position-relative kv-content\">\n    <div\n    class=\"kv-control-placeholder kv-_section\"\n    data-kv-control=\"content\">\n  <\/div> <div class=\"kv-ee-section kv-ee-section--sm kv-full-page\"><div class=\"kv-ee-container kv-ee-spacing kv-ee-align-center\"><div class=\"kv-ee-row\"><div class=\"kv-ee-col-lg-6 kv-ee-col-xl-6\"> <h2 class=\"kv-ee-cover-title kv-ee-section-title\" data-type=\"text\" tabindex=\"0\"><font class=\"cstm-cl kv-ee-custom-text-cl4 cstm-fnt\" style=\"font-size: 100.01%;\">Bienvenidos a Dr. Data Ec<\/font><span data-prop=\"title\" class=\"ck-editable-element\" data-editable=\"basic\" style=\"display:none;\"><\/span><\/h2> <\/div><div class=\"kv-ee-col-lg-6 kv-ee-col-xl-6 kv-ee-subsection\">    <\/div><\/div><\/div><\/div>\n  <\/div>\n<\/section>\n<style scoped>.meruhy39 .kv-ee-section{display:flex;align-items:center;box-sizing:content-box}.meruhy39 .kv-ee-cover-title{font-size:3rem;line-height:1.0833;margin-bottom:1.5rem;color:var(--kv-ee-title2)}@media(min-width:768px){.meruhy39 .kv-ee-cover-title{font-size:4rem;line-height:1.125}}@media(min-width:1200px){.meruhy39 .kv-ee-cover-title{font-size:4rem;line-height:1.125}}@media(min-width:1680px){.meruhy39 .kv-ee-cover-title{font-size:5rem;line-height:1}}@media(max-width:575.99px){.meruhy39 .kv-ee-offset-lg-1{order:1}.meruhy39 .kv-ee-subsection{order:2}}@media(min-width:992px){.meruhy39 .kv-ee-subsection{margin-top:1rem}}@media(min-width:768px){.meruhy39 .kv-ee-spacing{padding-left:2rem;padding-right:2rem}}.meruhy39 .kv-ee-cover-subtitle{max-width:454px}.meruhy39 .kv-ee-cover-description{margin-bottom:2rem}.meruhy39 .kv-ee-button{margin-bottom:1rem}.meruhy39 .kv-ee-align-left{text-align:left}.meruhy39 .kv-ee-align-left .kv-ee-button{margin-right:1rem}.meruhy39 .kv-ee-align-left .kv-ee-cover-subtitle,.meruhy39 .kv-ee-align-left .kv-ee-cover-description{margin-right:auto}.meruhy39 .kv-ee-align-center{text-align:center}.meruhy39 .kv-ee-align-center .kv-ee-button{margin-right:.5rem;margin-left:.5rem}.meruhy39 .kv-ee-align-center .kv-ee-cover-subtitle,.meruhy39 .kv-ee-align-center .kv-ee-cover-description{margin-right:auto;margin-left:auto}.meruhy39 .kv-ee-align-right{text-align:right}.meruhy39 .kv-ee-align-right .kv-ee-button{margin-left:1rem}.meruhy39 .kv-ee-align-right .kv-ee-cover-subtitle,.meruhy39 .kv-ee-align-right .kv-ee-cover-description{margin-left:auto}.meruhy39 .kv-ee-row>div{padding:0 !important}<\/style><div\n      class=\"kv-control-placeholder kv-_page\"\n      data-kv-control=\"2\">\n    <\/div> <section class=\"background-id_2 section-1685483600534 nejere51 undefined\" style=\" position:relative;\">\n  <a name=\"section1685483600534\"><\/a>\n    <div\n    class=\"kv-control-placeholder kv-_section\"\n    data-kv-control=\"background\">\n  <\/div> <div class='kv-background  ' style=\" background-color: rgb(0,0,0);\">\n        \n        <div class='kv-background-inner '  style=\"\n          \n          \n          \n          background-color: rgb(0,0,0);\n          \"><\/div>\n          \n<\/div>\n\n  <div class=\"position-relative kv-content\">\n    <div\n    class=\"kv-control-placeholder kv-_section\"\n    data-kv-control=\"content\">\n  <\/div> <div class=\"kv-ee-section kv-ee-section--sm\"><div class=\"kv-ee-container\"><div class=\"kv-ee-row kv-ee-align-left\"><div class=\"kv-ee-col-md-6 kv-ee-section-text kv-ee-content-text kv-ee-section--md\"> <h2 class=\"kv-ee-section-title kv-ee-section-title--sm\" data-type=\"text\" tabindex=\"0\"><font class=\"cstm-fnt\" style=\"font-size: 120.1%;\">Qui\u00e9nes Somos<\/font><span data-prop=\"title\" class=\"ck-editable-element\" data-editable=\"basic\" style=\"display:none;\"><\/span><\/h2> <p class=\"kv-ee-section-subtitle kv-ee-subtitle kv-ee-section-subtitle--sm\" data-type=\"text\" tabindex=\"0\"><font class=\"cstm-cl kv-ee-custom-text-cl2\">Somos una empresa de capacitaci\u00f3n y consultor\u00eda de alto nivel. <br>Nuestro objetivo es poner al alcance de las personas,&nbsp; empresas y organizaciones las metodolog\u00edas apropiadas y las m\u00e1s avanzadas t\u00e9cnicas (estado del arte) a trav\u00e9s de las cuales podr\u00e1n obtener el m\u00e1ximo provecho de los datos, informaci\u00f3n y conocimiento&nbsp;para la toma inteligente de decisiones empresariales&nbsp; \u00f3ptimas.<br><\/font><span data-prop=\"subtitle\" class=\"ck-editable-element\" data-editable=\"basic\" style=\"display:none;\"><\/span><\/p>     <\/div>  <\/div><\/div><\/div>\n  <\/div>\n<\/section>\n<style scoped>.nejere51 .kv-ee-featured-image{width:100%;background-size:cover;background-position:center;padding-bottom:125%}@media(max-width:575.99px){.nejere51 .kv-ee-featured-image{margin-bottom:1rem}}.nejere51 .kv-ee-landscape .kv-ee-content-text,.nejere51 .kv-ee-square .kv-ee-content-text{padding-top:0;padding-bottom:0}.nejere51 .kv-ee-landscape .kv-ee-featured-image{padding-bottom:75%}.nejere51 .kv-ee-portrait .kv-ee-featured-image{padding-bottom:125%}.nejere51 .kv-ee-square .kv-ee-featured-image{padding-bottom:100%}.nejere51 .kv-ee-circle .kv-ee-featured-image{padding-bottom:100%;border-radius:50%}.nejere51 .kv-ee-filled{position:relative}.nejere51 .kv-ee-filled .kv-ee-featured-image{height:100%}.nejere51 .kv-ee-blob .kv-ee-featured-image{padding-bottom:0}.nejere51 .kv-ee-subtitle{margin-bottom:1.5rem}.nejere51 .kv-ee-underline{margin-bottom:1.5rem;border:none;height:1px;background-color:rgba(var(--kv-ee-text1-rgb),.2)}.nejere51 .kv-ee-button{margin-top:.5rem}.nejere51 .kv-ee-rounded-corners{border-radius:.5rem}.nejere51 .kv-ee-rounded-corners .kv-ee-featured-image{border-radius:.5rem}.nejere51 .kv-ee-align-left{text-align:left;justify-content:flex-start}.nejere51 .kv-ee-align-left .kv-ee-button{margin-right:.5rem}.nejere51 .kv-ee-align-center{text-align:center;justify-content:center}.nejere51 .kv-ee-align-center .kv-ee-button{margin-left:.25rem;margin-right:.25rem}.nejere51 .kv-ee-align-right{text-align:right;justify-content:flex-end}.nejere51 .kv-ee-align-right .kv-ee-button{margin-left:.5rem}.nejere51 .kv-ee-drop-shadow .kv-ee-featured-image{box-shadow:1rem 1rem 4rem rgba(0,0,0,.2)}<\/style><div\n      class=\"kv-control-placeholder kv-_page\"\n      data-kv-control=\"3\">\n    <\/div> <section class=\"background-id_2adjacent section-1685483553881 nejere51 undefined\" style=\" position:relative;\">\n  <a name=\"section1685483553881\"><\/a>\n    <div\n    class=\"kv-control-placeholder kv-_section\"\n    data-kv-control=\"background\">\n  <\/div> <div class='kv-background  ' style=\" background-color: rgb(12,12,12);\">\n        \n        <div class='kv-background-inner '  style=\"\n          \n          \n          \n          background-color: rgb(12,12,12);\n          \"><\/div>\n          \n<\/div>\n\n  <div class=\"position-relative kv-content\">\n    <div\n    class=\"kv-control-placeholder kv-_section\"\n    data-kv-control=\"content\">\n  <\/div> <div class=\"kv-ee-section kv-ee-section--sm\"><div class=\"kv-ee-container\"><div class=\"kv-ee-row kv-ee-align-left\"><div class=\"kv-ee-col-md-6 kv-ee-section-text kv-ee-content-text kv-ee-section--md\"> <h2 class=\"kv-ee-section-title kv-ee-section-title--sm\" data-type=\"text\" tabindex=\"0\"><font class=\"cstm-fnt\" style=\"font-size: 120.1%;\">Nuestros servicios<\/font><span data-prop=\"title\" class=\"ck-editable-element\" data-editable=\"basic\" style=\"display:none;\"><\/span><\/h2> <p class=\"kv-ee-section-subtitle kv-ee-subtitle kv-ee-section-subtitle--sm\" data-type=\"text\" tabindex=\"0\">\u2022\tCursos (online en vivo y presenciales)<br>\u2022\tCertificaciones internacionales de alto impacto&nbsp;<br>\u2022 Consultor\u00edas:<br><span data-prop=\"subtitle\" class=\"ck-editable-element\" data-editable=\"basic\" style=\"display:none;\"><\/span><\/p> <hr class=\"kv-ee-underline\"> <p class=\"kv-ee-section-description kv-ee-mb-4 kv-ee-body--md\" data-type=\"text\" tabindex=\"0\">Lean Six Sigma, Optimizaci\u00f3n, Gesti\u00f3n de Operaciones, Confiabilidad, Miner\u00eda de Datos, Inteligencia Artificial<span data-prop=\"description\" class=\"ck-editable-element\" data-editable=\"basic\" style=\"display:none;\"><\/span><\/p> <hr class=\"kv-ee-underline\">  <\/div>  <\/div><\/div><\/div>\n  <\/div>\n<\/section>\n<style scoped>.nejere51 .kv-ee-featured-image{width:100%;background-size:cover;background-position:center;padding-bottom:125%}@media(max-width:575.99px){.nejere51 .kv-ee-featured-image{margin-bottom:1rem}}.nejere51 .kv-ee-landscape .kv-ee-content-text,.nejere51 .kv-ee-square .kv-ee-content-text{padding-top:0;padding-bottom:0}.nejere51 .kv-ee-landscape .kv-ee-featured-image{padding-bottom:75%}.nejere51 .kv-ee-portrait .kv-ee-featured-image{padding-bottom:125%}.nejere51 .kv-ee-square .kv-ee-featured-image{padding-bottom:100%}.nejere51 .kv-ee-circle .kv-ee-featured-image{padding-bottom:100%;border-radius:50%}.nejere51 .kv-ee-filled{position:relative}.nejere51 .kv-ee-filled .kv-ee-featured-image{height:100%}.nejere51 .kv-ee-blob .kv-ee-featured-image{padding-bottom:0}.nejere51 .kv-ee-subtitle{margin-bottom:1.5rem}.nejere51 .kv-ee-underline{margin-bottom:1.5rem;border:none;height:1px;background-color:rgba(var(--kv-ee-text1-rgb),.2)}.nejere51 .kv-ee-button{margin-top:.5rem}.nejere51 .kv-ee-rounded-corners{border-radius:.5rem}.nejere51 .kv-ee-rounded-corners .kv-ee-featured-image{border-radius:.5rem}.nejere51 .kv-ee-align-left{text-align:left;justify-content:flex-start}.nejere51 .kv-ee-align-left .kv-ee-button{margin-right:.5rem}.nejere51 .kv-ee-align-center{text-align:center;justify-content:center}.nejere51 .kv-ee-align-center .kv-ee-button{margin-left:.25rem;margin-right:.25rem}.nejere51 .kv-ee-align-right{text-align:right;justify-content:flex-end}.nejere51 .kv-ee-align-right .kv-ee-button{margin-left:.5rem}.nejere51 .kv-ee-drop-shadow .kv-ee-featured-image{box-shadow:1rem 1rem 4rem rgba(0,0,0,.2)}<\/style>","protected":false},"excerpt":{"rendered":"","protected":false},"author":1,"featured_media":0,"parent":0,"menu_order":0,"comment_status":"closed","ping_status":"closed","template":"wb4wp-template.php","meta":{"nf_dc_page":"","om_disable_all_campaigns":false,"WB4WB4WP_MODE":"","WB4WP_PAGE_SCRIPTS":"","WB4WP_PAGE_STYLES":"","WB4WP_PAGE_FONTS":"","WB4WP_PAGE_HEADER":"","WB4WP_PAGE_FOOTER":"","_monsterinsights_skip_tracking":false,"_monsterinsights_sitenote_active":false,"_monsterinsights_sitenote_note":"","_monsterinsights_sitenote_category":0,"footnotes":""},"class_list":["post-21","page","type-page","status-publish","hentry"],"yoast_head":"<!-- This site is optimized with the Yoast SEO plugin v27.5 - https:\/\/yoast.com\/product\/yoast-seo-wordpress\/ -->\n<title>Inicio - Dr. Data Ec<\/title>\n<meta name=\"robots\" content=\"index, follow, max-snippet:-1, max-image-preview:large, max-video-preview:-1\" \/>\n<link rel=\"canonical\" href=\"https:\/\/darkcyan-quetzal-261782.hostingersite.com\/\" \/>\n<meta property=\"og:locale\" content=\"en_US\" \/>\n<meta property=\"og:type\" content=\"article\" \/>\n<meta property=\"og:title\" content=\"Inicio - Dr. Data Ec\" \/>\n<meta property=\"og:url\" content=\"https:\/\/darkcyan-quetzal-261782.hostingersite.com\/\" \/>\n<meta property=\"og:site_name\" content=\"Dr. Data Ec\" \/>\n<meta property=\"article:modified_time\" content=\"2025-05-07T23:48:51+00:00\" \/>\n<meta name=\"twitter:card\" content=\"summary_large_image\" \/>\n<meta name=\"twitter:label1\" content=\"Est. reading time\" \/>\n\t<meta name=\"twitter:data1\" content=\"1 minute\" \/>\n<script type=\"application\/ld+json\" class=\"yoast-schema-graph\">{\"@context\":\"https:\\\/\\\/schema.org\",\"@graph\":[{\"@type\":\"WebPage\",\"@id\":\"https:\\\/\\\/darkcyan-quetzal-261782.hostingersite.com\\\/\",\"url\":\"https:\\\/\\\/darkcyan-quetzal-261782.hostingersite.com\\\/\",\"name\":\"Inicio - Dr. Data Ec\",\"isPartOf\":{\"@id\":\"https:\\\/\\\/darkcyan-quetzal-261782.hostingersite.com\\\/#website\"},\"datePublished\":\"2023-02-19T03:20:30+00:00\",\"dateModified\":\"2025-05-07T23:48:51+00:00\",\"breadcrumb\":{\"@id\":\"https:\\\/\\\/darkcyan-quetzal-261782.hostingersite.com\\\/#breadcrumb\"},\"inLanguage\":\"en-US\",\"potentialAction\":[{\"@type\":\"ReadAction\",\"target\":[\"https:\\\/\\\/darkcyan-quetzal-261782.hostingersite.com\\\/\"]}]},{\"@type\":\"BreadcrumbList\",\"@id\":\"https:\\\/\\\/darkcyan-quetzal-261782.hostingersite.com\\\/#breadcrumb\",\"itemListElement\":[{\"@type\":\"ListItem\",\"position\":1,\"name\":\"Inicio\",\"item\":\"https:\\\/\\\/darkcyan-quetzal-261782.hostingersite.com\\\/\"},{\"@type\":\"ListItem\",\"position\":2,\"name\":\"Inicio\"}]},{\"@type\":\"WebSite\",\"@id\":\"https:\\\/\\\/darkcyan-quetzal-261782.hostingersite.com\\\/#website\",\"url\":\"https:\\\/\\\/darkcyan-quetzal-261782.hostingersite.com\\\/\",\"name\":\"Dr. Data Ec\",\"description\":\"Decisiones empresariales \u00f3ptimas\",\"publisher\":{\"@id\":\"https:\\\/\\\/darkcyan-quetzal-261782.hostingersite.com\\\/#organization\"},\"potentialAction\":[{\"@type\":\"SearchAction\",\"target\":{\"@type\":\"EntryPoint\",\"urlTemplate\":\"https:\\\/\\\/darkcyan-quetzal-261782.hostingersite.com\\\/?s={search_term_string}\"},\"query-input\":{\"@type\":\"PropertyValueSpecification\",\"valueRequired\":true,\"valueName\":\"search_term_string\"}}],\"inLanguage\":\"en-US\"},{\"@type\":\"Organization\",\"@id\":\"https:\\\/\\\/darkcyan-quetzal-261782.hostingersite.com\\\/#organization\",\"name\":\"Dr. Data Ec\",\"url\":\"https:\\\/\\\/darkcyan-quetzal-261782.hostingersite.com\\\/\",\"logo\":{\"@type\":\"ImageObject\",\"inLanguage\":\"en-US\",\"@id\":\"https:\\\/\\\/darkcyan-quetzal-261782.hostingersite.com\\\/#\\\/schema\\\/logo\\\/image\\\/\",\"url\":\"https:\\\/\\\/i0.wp.com\\\/drdata.com.ec\\\/wp-content\\\/uploads\\\/2025\\\/05\\\/cropped-cropped-logo03.jpg?fit=638%2C147&ssl=1\",\"contentUrl\":\"https:\\\/\\\/i0.wp.com\\\/drdata.com.ec\\\/wp-content\\\/uploads\\\/2025\\\/05\\\/cropped-cropped-logo03.jpg?fit=638%2C147&ssl=1\",\"width\":638,\"height\":147,\"caption\":\"Dr. Data Ec\"},\"image\":{\"@id\":\"https:\\\/\\\/darkcyan-quetzal-261782.hostingersite.com\\\/#\\\/schema\\\/logo\\\/image\\\/\"}}]}<\/script>\n<!-- \/ Yoast SEO plugin. -->","yoast_head_json":{"title":"Inicio - Dr. Data Ec","robots":{"index":"index","follow":"follow","max-snippet":"max-snippet:-1","max-image-preview":"max-image-preview:large","max-video-preview":"max-video-preview:-1"},"canonical":"https:\/\/darkcyan-quetzal-261782.hostingersite.com\/","og_locale":"en_US","og_type":"article","og_title":"Inicio - Dr. Data Ec","og_url":"https:\/\/darkcyan-quetzal-261782.hostingersite.com\/","og_site_name":"Dr. Data Ec","article_modified_time":"2025-05-07T23:48:51+00:00","twitter_card":"summary_large_image","twitter_misc":{"Est. reading time":"1 minute"},"schema":{"@context":"https:\/\/schema.org","@graph":[{"@type":"WebPage","@id":"https:\/\/darkcyan-quetzal-261782.hostingersite.com\/","url":"https:\/\/darkcyan-quetzal-261782.hostingersite.com\/","name":"Inicio - Dr. Data Ec","isPartOf":{"@id":"https:\/\/darkcyan-quetzal-261782.hostingersite.com\/#website"},"datePublished":"2023-02-19T03:20:30+00:00","dateModified":"2025-05-07T23:48:51+00:00","breadcrumb":{"@id":"https:\/\/darkcyan-quetzal-261782.hostingersite.com\/#breadcrumb"},"inLanguage":"en-US","potentialAction":[{"@type":"ReadAction","target":["https:\/\/darkcyan-quetzal-261782.hostingersite.com\/"]}]},{"@type":"BreadcrumbList","@id":"https:\/\/darkcyan-quetzal-261782.hostingersite.com\/#breadcrumb","itemListElement":[{"@type":"ListItem","position":1,"name":"Inicio","item":"https:\/\/darkcyan-quetzal-261782.hostingersite.com\/"},{"@type":"ListItem","position":2,"name":"Inicio"}]},{"@type":"WebSite","@id":"https:\/\/darkcyan-quetzal-261782.hostingersite.com\/#website","url":"https:\/\/darkcyan-quetzal-261782.hostingersite.com\/","name":"Dr. Data Ec","description":"Decisiones empresariales \u00f3ptimas","publisher":{"@id":"https:\/\/darkcyan-quetzal-261782.hostingersite.com\/#organization"},"potentialAction":[{"@type":"SearchAction","target":{"@type":"EntryPoint","urlTemplate":"https:\/\/darkcyan-quetzal-261782.hostingersite.com\/?s={search_term_string}"},"query-input":{"@type":"PropertyValueSpecification","valueRequired":true,"valueName":"search_term_string"}}],"inLanguage":"en-US"},{"@type":"Organization","@id":"https:\/\/darkcyan-quetzal-261782.hostingersite.com\/#organization","name":"Dr. Data Ec","url":"https:\/\/darkcyan-quetzal-261782.hostingersite.com\/","logo":{"@type":"ImageObject","inLanguage":"en-US","@id":"https:\/\/darkcyan-quetzal-261782.hostingersite.com\/#\/schema\/logo\/image\/","url":"https:\/\/i0.wp.com\/drdata.com.ec\/wp-content\/uploads\/2025\/05\/cropped-cropped-logo03.jpg?fit=638%2C147&ssl=1","contentUrl":"https:\/\/i0.wp.com\/drdata.com.ec\/wp-content\/uploads\/2025\/05\/cropped-cropped-logo03.jpg?fit=638%2C147&ssl=1","width":638,"height":147,"caption":"Dr. Data Ec"},"image":{"@id":"https:\/\/darkcyan-quetzal-261782.hostingersite.com\/#\/schema\/logo\/image\/"}}]}},"jetpack_sharing_enabled":true,"_links":{"self":[{"href":"https:\/\/drdata.com.ec\/index.php?rest_route=\/wp\/v2\/pages\/21","targetHints":{"allow":["GET"]}}],"collection":[{"href":"https:\/\/drdata.com.ec\/index.php?rest_route=\/wp\/v2\/pages"}],"about":[{"href":"https:\/\/drdata.com.ec\/index.php?rest_route=\/wp\/v2\/types\/page"}],"author":[{"embeddable":true,"href":"https:\/\/drdata.com.ec\/index.php?rest_route=\/wp\/v2\/users\/1"}],"replies":[{"embeddable":true,"href":"https:\/\/drdata.com.ec\/index.php?rest_route=%2Fwp%2Fv2%2Fcomments&post=21"}],"version-history":[{"count":1,"href":"https:\/\/drdata.com.ec\/index.php?rest_route=\/wp\/v2\/pages\/21\/revisions"}],"predecessor-version":[{"id":598,"href":"https:\/\/drdata.com.ec\/index.php?rest_route=\/wp\/v2\/pages\/21\/revisions\/598"}],"wp:attachment":[{"href":"https:\/\/drdata.com.ec\/index.php?rest_route=%2Fwp%2Fv2%2Fmedia&parent=21"}],"curies":[{"name":"wp","href":"https:\/\/api.w.org\/{rel}","templated":true}]}}